{"id":2515,"date":"2025-08-18T14:40:06","date_gmt":"2025-08-18T12:40:06","guid":{"rendered":"https:\/\/www.stores-fonction.fr\/?page_id=2515"},"modified":"2025-08-25T10:59:36","modified_gmt":"2025-08-25T08:59:36","slug":"reparation-rentoilage-nettoyage","status":"publish","type":"page","link":"https:\/\/www.stores-fonction.fr\/index.php\/stores-exterieurs\/reparation-rentoilage-nettoyage\/","title":{"rendered":"R\u00e9paration  &#8211; Rentoilage &#8211; Nettoyage"},"content":{"rendered":"\t\t<div data-elementor-type=\"wp-page\" data-elementor-id=\"2515\" class=\"elementor elementor-2515\">\n\t\t\t\t\t\t<section class=\"elementor-section elementor-top-section elementor-element elementor-element-16aa0653 elementor-section-boxed elementor-section-height-default elementor-section-height-default\" data-id=\"16aa0653\" data-element_type=\"section\" data-e-type=\"section\">\n\t\t\t\t\t\t<div class=\"elementor-container elementor-column-gap-default\">\n\t\t\t\t\t<div class=\"elementor-column elementor-col-100 elementor-top-column elementor-element elementor-element-18655675\" data-id=\"18655675\" data-element_type=\"column\" data-e-type=\"column\">\n\t\t\t<div class=\"elementor-widget-wrap elementor-element-populated\">\n\t\t\t\t\t\t<div class=\"elementor-element elementor-element-515b7499 elementor-widget elementor-widget-heading\" data-id=\"515b7499\" data-element_type=\"widget\" data-e-type=\"widget\" data-widget_type=\"heading.default\">\n\t\t\t\t<div class=\"elementor-widget-container\">\n\t\t\t\t\t<h1 class=\"elementor-heading-title elementor-size-default\">Les Plus +<\/h1>\t\t\t\t<\/div>\n\t\t\t\t<\/div>\n\t\t\t\t<div class=\"elementor-element elementor-element-2060007d elementor-widget elementor-widget-spacer\" data-id=\"2060007d\" data-element_type=\"widget\" data-e-type=\"widget\" data-widget_type=\"spacer.default\">\n\t\t\t\t<div class=\"elementor-widget-container\">\n\t\t\t\t\t\t\t<div class=\"elementor-spacer\">\n\t\t\t<div class=\"elementor-spacer-inner\"><\/div>\n\t\t<\/div>\n\t\t\t\t\t\t<\/div>\n\t\t\t\t<\/div>\n\t\t\t\t<div class=\"elementor-element elementor-element-598066f elementor-widget elementor-widget-text-editor\" data-id=\"598066f\" data-element_type=\"widget\" data-e-type=\"widget\" data-widget_type=\"text-editor.default\">\n\t\t\t\t<div class=\"elementor-widget-container\">\n\t\t\t\t\t\t\t\t\t<p>Dans le cadre de la d\u00e9marche RSE (Responsabilit\u00e9 Soci\u00e9tale de Entreprises), Stores &amp; Fonction prend un engagement aupr\u00e8s de ses clients: \u00ab\u00a0R\u00e9parer avant de Remplacer\u00a0\u00bb. Cela implique de proposer des services compl\u00e9mentaires: le nettoyage, la r\u00e9paration et le rentoilage.<\/p>\t\t\t\t\t\t\t\t<\/div>\n\t\t\t\t<\/div>\n\t\t\t\t\t<\/div>\n\t\t<\/div>\n\t\t\t\t\t<\/div>\n\t\t<\/section>\n\t\t\t\t<section class=\"elementor-section elementor-top-section elementor-element elementor-element-e336446 elementor-section-boxed elementor-section-height-default elementor-section-height-default\" data-id=\"e336446\" data-element_type=\"section\" data-e-type=\"section\" id=\"rentoilage-store-exterieur\">\n\t\t\t\t\t\t<div class=\"elementor-container elementor-column-gap-default\">\n\t\t\t\t\t<div class=\"elementor-column elementor-col-50 elementor-top-column elementor-element elementor-element-1967229c\" data-id=\"1967229c\" data-element_type=\"column\" data-e-type=\"column\">\n\t\t\t<div class=\"elementor-widget-wrap elementor-element-populated\">\n\t\t\t\t\t\t<div class=\"elementor-element elementor-element-5decf8cb elementor-widget elementor-widget-beaf-slider\" data-id=\"5decf8cb\" data-element_type=\"widget\" data-e-type=\"widget\" data-widget_type=\"beaf-slider.default\">\n\t\t\t\t<div class=\"elementor-widget-container\">\n\t\t\t\t\t\n\t\t\t\n\t<style type=\"text\/css\">\n\t\t.slider-info-2517.bafg-slider-info .bafg-slider-title {\n\t\t\t\t\t\t\tfont-size:\n\t\t\t\t\t22px\t\t\t\t;\n\t\t\t\n\t\t\t\n\t\t\t\t\t}\n\n\t\t.slider-info-2517.bafg-slider-info .bafg-slider-description {\n\t\t\t\n\t\t\t\n\t\t\t\t\t}\n\t\t\n\t\t\n\t\t.slider-info-2517.bafg-slider-info .bafg_slider_readmore_button {\n\t\t\t\n\t\t\t\n\t\t\t\n\t\t\t\n\t\t\t\n\t\t\ttext-align: center;\n\n\t\t\t\n\t\t\t\n\t\t\t\n\t\t\t\n\t\t\t\t\t}\n\n\t\t.slider-info-2517.bafg-slider-info .bafg_slider_readmore_button:hover {\n\n\t\t\t\n\t\t\t\n\t\t\t\t\t}\n\t<\/style>\n\t\n\t\t\t<div class=\"bafg-twentytwenty-container slider-2517  \"\n\t\t\t\tbafg-orientation=\"vertical\" bafg-default-offset=\"0.5\"\n\t\t\t\tbafg-before-label=\"Apr\u00e8s\"\n\t\t\t\tbafg-after-label=\"Avant\" bafg-overlay=\"1\"\n\t\t\t\tbafg-move-slider-on-hover=\"\"\n\t\t\t\tbafg-click-to-move=\"\">\n\n\t\t\t\t\t\t\t\t<img class=\"skip-lazy\" data-skip-lazy\t\t\t\t\tsrc=\"https:\/\/www.stores-fonction.fr\/wp-content\/uploads\/2025\/08\/cabane-enchantee-tikibou-soltis-92-rentoilage-store-projection-lambrequin-decoupe-personnalisee-2.jpeg\" alt=\"store,ext\u00e9rieur,nettoyage,r\u00e9paration,rentoilage,toile\">\n\t\t\t\t<img class=\"skip-lazy\" data-skip-lazy\t\t\t\t\tsrc=\"https:\/\/www.stores-fonction.fr\/wp-content\/uploads\/2025\/08\/cabane-enchantee-tikibou-soltis-92-rentoilage-store-projection-lambrequin-decoupe-personnalisee-1.jpeg\" alt=\"store,ext\u00e9rieur,nettoyage,r\u00e9paration,rentoilage,toile\">\n\n\t\t\t<\/div>\n\n\t\t\t\t<div class=\"bafg-slider-info-wraper\">\n\t\t<div style=\"\" class=\"slider-info-2517 bafg-slider-info\">\n\t\t\t\t\t<\/div>\n\t<\/div>\n\t\n\t\t\t<style type=\"text\/css\">\n\t\t\t\t\t\t\t\t\t\t\t<\/style>\n\t\t\t\t\t\t\t<\/div>\n\t\t\t\t<\/div>\n\t\t\t\t\t<\/div>\n\t\t<\/div>\n\t\t\t\t<div class=\"elementor-column elementor-col-50 elementor-top-column elementor-element elementor-element-69f4e043\" data-id=\"69f4e043\" data-element_type=\"column\" data-e-type=\"column\">\n\t\t\t<div class=\"elementor-widget-wrap elementor-element-populated\">\n\t\t\t\t\t\t<div class=\"elementor-element elementor-element-32d990d elementor-widget elementor-widget-menu-anchor\" data-id=\"32d990d\" data-element_type=\"widget\" data-e-type=\"widget\" data-widget_type=\"menu-anchor.default\">\n\t\t\t\t<div class=\"elementor-widget-container\">\n\t\t\t\t\t\t\t<div class=\"elementor-menu-anchor\" id=\"Rentoilage-store-exterieur\"><\/div>\n\t\t\t\t\t\t<\/div>\n\t\t\t\t<\/div>\n\t\t\t\t<div class=\"elementor-element elementor-element-b2aadef elementor-widget elementor-widget-heading\" data-id=\"b2aadef\" data-element_type=\"widget\" data-e-type=\"widget\" data-widget_type=\"heading.default\">\n\t\t\t\t<div class=\"elementor-widget-container\">\n\t\t\t\t\t<h2 class=\"elementor-heading-title elementor-size-default\">Le rentoilage de store<\/h2>\t\t\t\t<\/div>\n\t\t\t\t<\/div>\n\t\t\t\t<div class=\"elementor-element elementor-element-3679b49d elementor-widget elementor-widget-text-editor\" data-id=\"3679b49d\" data-element_type=\"widget\" data-e-type=\"widget\" data-widget_type=\"text-editor.default\">\n\t\t\t\t<div class=\"elementor-widget-container\">\n\t\t\t\t\t\t\t\t\t<p>Plut\u00f4t que de remplacer un store complet dont la structure est en bon \u00e9tat, nous allons privil\u00e9gier le <strong>remplacement de la toile ext\u00e9rieur<\/strong>. Un petit d\u00e9tail qui peut faire toute la diff\u00e9rence.\u00a0<\/p><p>Nos techniciens viennent contr\u00f4ler les m\u00e9canismes de votre store et prendre les mesures compl\u00e8tes pour le remplacement de la toile r\u00e9alis\u00e9e sur mesure chez un de nos confectionneurs implant\u00e9s en France.<\/p><p>\u00a0<\/p><p>Le rentoilage d\u2019un store ext\u00e9rieur consiste \u00e0 remplacer la toile us\u00e9e ou d\u00e9mod\u00e9e d\u2019un store tout en conservant son armature et son m\u00e9canisme. C\u2019est une solution \u00e9conomique, \u00e9cologique et esth\u00e9tique pour redonner vie \u00e0 votre espace ext\u00e9rieur.\u00a0<\/p><p>Cette technique permet de :<\/p><ul><li>Restaurer l\u2019<strong>esth\u00e9tique<\/strong> : Moderniser votre terrasse avec une nouvelle couleur ou un motif tendance.<\/li><li><strong>Pr\u00e9server<\/strong> la fonctionnalit\u00e9 : Maintenir une protection efficace contre le soleil, les UV et la pluie.<\/li><li><strong>Prolonger la dur\u00e9e de vie<\/strong> : \u00c9viter le remplacement complet du store, souvent plus co\u00fbteux.<\/li><li><strong>\u00c9conomie<\/strong> : Le co\u00fbt du rentoilage est inf\u00e9rieur \u00e0 l\u2019achat d\u2019un nouveau store.<\/li><li><strong>Rapidit\u00e9<\/strong> : L\u2019op\u00e9ration est simple et rapide, souvent r\u00e9alis\u00e9e en quelques heures, sans longs d\u00e9lais d\u2019approvisionnement.<\/li><li><strong>Personnalisation<\/strong> : Large choix de coloris (unis, ray\u00e9s, motifs) et de mati\u00e8res (acrylique, microperfor\u00e9e, polyester) pour harmoniser avec votre ext\u00e9rieur.<\/li><li><strong>\u00c9cologie<\/strong> : R\u00e9utiliser l\u2019armature r\u00e9duit les d\u00e9chets et limite l\u2019impact environnemental.<\/li><li><strong>Am\u00e9lioration des performances<\/strong> : Possibilit\u00e9 de choisir une toile plus r\u00e9sistante (UV, pluie, vent) ou avec des propri\u00e9t\u00e9s avanc\u00e9es (imperm\u00e9able, anti-salissures).<\/li><\/ul>\t\t\t\t\t\t\t\t<\/div>\n\t\t\t\t<\/div>\n\t\t\t\t\t<\/div>\n\t\t<\/div>\n\t\t\t\t\t<\/div>\n\t\t<\/section>\n\t\t\t\t<section class=\"elementor-section elementor-top-section elementor-element elementor-element-8235c80 elementor-section-boxed elementor-section-height-default elementor-section-height-default\" data-id=\"8235c80\" data-element_type=\"section\" data-e-type=\"section\" id=\"reparation-store-exterieur\">\n\t\t\t\t\t\t<div class=\"elementor-container elementor-column-gap-default\">\n\t\t\t\t\t<div class=\"elementor-column elementor-col-50 elementor-top-column elementor-element elementor-element-954234d\" data-id=\"954234d\" data-element_type=\"column\" data-e-type=\"column\">\n\t\t\t<div class=\"elementor-widget-wrap elementor-element-populated\">\n\t\t\t\t\t\t<div class=\"elementor-element elementor-element-d4df99f elementor-widget elementor-widget-menu-anchor\" data-id=\"d4df99f\" data-element_type=\"widget\" data-e-type=\"widget\" data-widget_type=\"menu-anchor.default\">\n\t\t\t\t<div class=\"elementor-widget-container\">\n\t\t\t\t\t\t\t<div class=\"elementor-menu-anchor\" id=\"Rparation-store-extrieur\"><\/div>\n\t\t\t\t\t\t<\/div>\n\t\t\t\t<\/div>\n\t\t\t\t<div class=\"elementor-element elementor-element-8920036 elementor-widget elementor-widget-heading\" data-id=\"8920036\" data-element_type=\"widget\" data-e-type=\"widget\" data-widget_type=\"heading.default\">\n\t\t\t\t<div class=\"elementor-widget-container\">\n\t\t\t\t\t<h2 class=\"elementor-heading-title elementor-size-default\">La r\u00e9paration <\/h2>\t\t\t\t<\/div>\n\t\t\t\t<\/div>\n\t\t\t\t<div class=\"elementor-element elementor-element-fd0a1dc elementor-widget elementor-widget-text-editor\" data-id=\"fd0a1dc\" data-element_type=\"widget\" data-e-type=\"widget\" data-widget_type=\"text-editor.default\">\n\t\t\t\t<div class=\"elementor-widget-container\">\n\t\t\t\t\t\t\t\t\t<p>Votre volet s&rsquo;est d\u00e9croch\u00e9 ? Le moteur de votre store ne fonctionne plus ? La manivelle s&rsquo;est cass\u00e9e ? Et si on r\u00e9parait ?<\/p><p>\u00a0<\/p><p>Toujours dans une volont\u00e9 de ne <strong>remplacer que ce qui est n\u00e9cessaire<\/strong>, nos techniciens r\u00e9aliser un diagnostic de la panne. Notre service administratif vous r\u00e9alise ensuite un devis complet. Si nos techniciens peuvent proc\u00e9der \u00e0 la <strong>r\u00e9paration<\/strong> le jour m\u00eame, nous vous en informons et vous indiquons le montant \u00e0 r\u00e9gler.<\/p><p>\u00a0<\/p><p>Pour les <a href=\"https:\/\/www.stores-fonction.fr\/index.php\/stores-exterieurs\/\"><strong>stores ext\u00e9rieurs<\/strong><\/a>, cela peut concerner les bras, le moteur, l&rsquo;axe, la lyre, l&rsquo;auvent, la barre de charge,&#8230;<\/p><p>Pour les <a href=\"https:\/\/www.stores-fonction.fr\/index.php\/volets-roulants\/\"><strong>volets roulants<\/strong><\/a>, nous pouvons remplacer le tablier, les attaches de fixation, le moteur, l&rsquo;axe, le ressort de compensation, la manivelle, etc<\/p><p>Pour les <a href=\"https:\/\/www.stores-fonction.fr\/index.php\/stores-interieurs\/\"><strong>stores int\u00e9rieurs<\/strong><\/a>, nous travaillons sur chainettes, manivelles et moteur, remplacement de barre de charge et d&rsquo;axe, remplacement de guidage,&#8230;<\/p><p>\u00a0<\/p><p>Bon \u00e0 savoir: les <a href=\"https:\/\/www.stores-fonction.fr\/index.php\/stores-interieurs\/stores-venitiens\/\">stores v\u00e9nitiens<\/a> sont complexes \u00e0 r\u00e9parer. Le co\u00fbt de r\u00e9paration a tendance \u00e0 d\u00e9passer le co\u00fbt du produit lui m\u00eame car celui-ci doit \u00eatre d\u00e9pos\u00e9 et retourn\u00e9 en usine pour reprise. A voir ce qui penche dans la balance: \u00e9conomie ou \u00e9cologie.<\/p>\t\t\t\t\t\t\t\t<\/div>\n\t\t\t\t<\/div>\n\t\t\t\t\t<\/div>\n\t\t<\/div>\n\t\t\t\t<div class=\"elementor-column elementor-col-50 elementor-top-column elementor-element elementor-element-51f72d8\" data-id=\"51f72d8\" data-element_type=\"column\" data-e-type=\"column\">\n\t\t\t<div class=\"elementor-widget-wrap elementor-element-populated\">\n\t\t\t\t\t\t<div class=\"elementor-element elementor-element-afa018f elementor-widget elementor-widget-beaf-slider\" data-id=\"afa018f\" data-element_type=\"widget\" data-e-type=\"widget\" data-widget_type=\"beaf-slider.default\">\n\t\t\t\t<div class=\"elementor-widget-container\">\n\t\t\t\t\t\n\t\t\t\n\t<style type=\"text\/css\">\n\t\t.slider-info-2540.bafg-slider-info .bafg-slider-title {\n\t\t\t\t\t\t\tfont-size:\n\t\t\t\t\t22px\t\t\t\t;\n\t\t\t\n\t\t\t\n\t\t\t\t\t}\n\n\t\t.slider-info-2540.bafg-slider-info .bafg-slider-description {\n\t\t\t\n\t\t\t\n\t\t\t\t\t}\n\t\t\n\t\t\n\t\t.slider-info-2540.bafg-slider-info .bafg_slider_readmore_button {\n\t\t\t\n\t\t\t\n\t\t\t\n\t\t\t\n\t\t\t\n\t\t\ttext-align: center;\n\n\t\t\t\n\t\t\t\n\t\t\t\n\t\t\t\n\t\t\t\t\t}\n\n\t\t.slider-info-2540.bafg-slider-info .bafg_slider_readmore_button:hover {\n\n\t\t\t\n\t\t\t\n\t\t\t\t\t}\n\t<\/style>\n\t\n\t\t\t<div class=\"bafg-twentytwenty-container slider-2540  \"\n\t\t\t\tbafg-orientation=\"vertical\" bafg-default-offset=\"0.5\"\n\t\t\t\tbafg-before-label=\"Avant r\u00e9paration\"\n\t\t\t\tbafg-after-label=\"Apr\u00e8s r\u00e9paration\" bafg-overlay=\"1\"\n\t\t\t\tbafg-move-slider-on-hover=\"\"\n\t\t\t\tbafg-click-to-move=\"\">\n\n\t\t\t\t\t\t\t\t<img class=\"skip-lazy\" data-skip-lazy\t\t\t\t\tsrc=\"https:\/\/www.stores-fonction.fr\/wp-content\/uploads\/2025\/08\/store-banne-bocage-paris-reparation-professionnel-1.jpg\" alt=\"store,ext\u00e9rieur,nettoyage,r\u00e9paration,rentoilage,toile\">\n\t\t\t\t<img class=\"skip-lazy\" data-skip-lazy\t\t\t\t\tsrc=\"https:\/\/www.stores-fonction.fr\/wp-content\/uploads\/2025\/08\/store-banne-bocage-paris-reparation-professionnel-2.jpg\" alt=\"store,ext\u00e9rieur,nettoyage,r\u00e9paration,rentoilage,toile\">\n\n\t\t\t<\/div>\n\n\t\t\t\t<div class=\"bafg-slider-info-wraper\">\n\t\t<div style=\"\" class=\"slider-info-2540 bafg-slider-info\">\n\t\t\t\t\t<\/div>\n\t<\/div>\n\t\n\t\t\t<style type=\"text\/css\">\n\t\t\t\t\t\t\t\t\t\t\t<\/style>\n\t\t\t\t\t\t\t<\/div>\n\t\t\t\t<\/div>\n\t\t\t\t\t<\/div>\n\t\t<\/div>\n\t\t\t\t\t<\/div>\n\t\t<\/section>\n\t\t\t\t<section class=\"elementor-section elementor-top-section elementor-element elementor-element-e3dcc31 elementor-section-boxed elementor-section-height-default elementor-section-height-default\" data-id=\"e3dcc31\" data-element_type=\"section\" data-e-type=\"section\" id=\"nettoyage-toile\">\n\t\t\t\t\t\t<div class=\"elementor-container elementor-column-gap-default\">\n\t\t\t\t\t<div class=\"elementor-column elementor-col-50 elementor-top-column elementor-element elementor-element-91ee228\" data-id=\"91ee228\" data-element_type=\"column\" data-e-type=\"column\">\n\t\t\t<div class=\"elementor-widget-wrap elementor-element-populated\">\n\t\t\t\t\t\t<div class=\"elementor-element elementor-element-23a8ac0 elementor-widget elementor-widget-beaf-slider\" data-id=\"23a8ac0\" data-element_type=\"widget\" data-e-type=\"widget\" data-widget_type=\"beaf-slider.default\">\n\t\t\t\t<div class=\"elementor-widget-container\">\n\t\t\t\t\t\n\t\t\t\n\t<style type=\"text\/css\">\n\t\t.slider-info-2547.bafg-slider-info .bafg-slider-title {\n\t\t\t\t\t\t\tfont-size:\n\t\t\t\t\t22px\t\t\t\t;\n\t\t\t\n\t\t\t\n\t\t\t\t\t}\n\n\t\t.slider-info-2547.bafg-slider-info .bafg-slider-description {\n\t\t\t\n\t\t\t\n\t\t\t\t\t}\n\t\t\n\t\t\n\t\t.slider-info-2547.bafg-slider-info .bafg_slider_readmore_button {\n\t\t\t\n\t\t\t\n\t\t\t\n\t\t\t\n\t\t\t\n\t\t\ttext-align: center;\n\n\t\t\t\n\t\t\t\n\t\t\t\n\t\t\t\n\t\t\t\t\t}\n\n\t\t.slider-info-2547.bafg-slider-info .bafg_slider_readmore_button:hover {\n\n\t\t\t\n\t\t\t\n\t\t\t\t\t}\n\t<\/style>\n\t\n\t\t\t<div class=\"bafg-twentytwenty-container slider-2547  \"\n\t\t\t\tbafg-orientation=\"horizontal\" bafg-default-offset=\"0.5\"\n\t\t\t\tbafg-before-label=\"Avant\"\n\t\t\t\tbafg-after-label=\"Apr\u00e8s\" bafg-overlay=\"1\"\n\t\t\t\tbafg-move-slider-on-hover=\"\"\n\t\t\t\tbafg-click-to-move=\"\">\n\n\t\t\t\t\t\t\t\t<img class=\"skip-lazy\" data-skip-lazy\t\t\t\t\tsrc=\"https:\/\/www.stores-fonction.fr\/wp-content\/uploads\/2025\/08\/yves-thuries-nettoyage-store-banne-toile-chocolat-remise-en-etat-1.jpeg\" alt=\"store,ext\u00e9rieur,nettoyage,r\u00e9paration,rentoilage,toile\">\n\t\t\t\t<img class=\"skip-lazy\" data-skip-lazy\t\t\t\t\tsrc=\"https:\/\/www.stores-fonction.fr\/wp-content\/uploads\/2025\/08\/yves-thuries-nettoyage-store-banne-toile-chocolat-remise-en-etat-4-1.jpeg\" alt=\"store,ext\u00e9rieur,nettoyage,r\u00e9paration,rentoilage,toile\">\n\n\t\t\t<\/div>\n\n\t\t\t\t<div class=\"bafg-slider-info-wraper\">\n\t\t<div style=\"\" class=\"slider-info-2547 bafg-slider-info\">\n\t\t\t\t\t<\/div>\n\t<\/div>\n\t\n\t\t\t<style type=\"text\/css\">\n\t\t\t\t\t\t\t\t\t\t\t<\/style>\n\t\t\t\t\t\t\t<\/div>\n\t\t\t\t<\/div>\n\t\t\t\t\t<\/div>\n\t\t<\/div>\n\t\t\t\t<div class=\"elementor-column elementor-col-50 elementor-top-column elementor-element elementor-element-800ff31\" data-id=\"800ff31\" data-element_type=\"column\" data-e-type=\"column\">\n\t\t\t<div class=\"elementor-widget-wrap elementor-element-populated\">\n\t\t\t\t\t\t<div class=\"elementor-element elementor-element-5f2c12c elementor-widget elementor-widget-menu-anchor\" data-id=\"5f2c12c\" data-element_type=\"widget\" data-e-type=\"widget\" data-widget_type=\"menu-anchor.default\">\n\t\t\t\t<div class=\"elementor-widget-container\">\n\t\t\t\t\t\t\t<div class=\"elementor-menu-anchor\" id=\"Nettoyage-store-exterieur\"><\/div>\n\t\t\t\t\t\t<\/div>\n\t\t\t\t<\/div>\n\t\t\t\t<div class=\"elementor-element elementor-element-62b4600 elementor-widget elementor-widget-heading\" data-id=\"62b4600\" data-element_type=\"widget\" data-e-type=\"widget\" data-widget_type=\"heading.default\">\n\t\t\t\t<div class=\"elementor-widget-container\">\n\t\t\t\t\t<h2 class=\"elementor-heading-title elementor-size-default\">Le Nettoyage de toiles<\/h2>\t\t\t\t<\/div>\n\t\t\t\t<\/div>\n\t\t\t\t<div class=\"elementor-element elementor-element-b3b958a elementor-widget elementor-widget-text-editor\" data-id=\"b3b958a\" data-element_type=\"widget\" data-e-type=\"widget\" data-widget_type=\"text-editor.default\">\n\t\t\t\t<div class=\"elementor-widget-container\">\n\t\t\t\t\t\t\t\t\t<p>Le <strong>nettoyage<\/strong> d\u2019un store banne est essentiel pour pr\u00e9server son esth\u00e9tique, prolonger sa dur\u00e9e de vie et maintenir ses performances (protection UV, imperm\u00e9abilit\u00e9).\u00a0<\/p><p>Pourquoi nettoyer un store banne ?<\/p><ul><li>Esth\u00e9tique : <strong>\u00c9liminer taches<\/strong>, poussi\u00e8res, moisissures ou salet\u00e9s pour redonner de l\u2019\u00e9clat.<\/li><li>Durabilit\u00e9 : <strong>Pr\u00e9venir l\u2019usure<\/strong> pr\u00e9matur\u00e9e de la toile (ex. d\u00e9gradation des fibres par les UV ou moisissures).<\/li><li>Fonctionnalit\u00e9 : <strong>Maintenir l\u2019imperm\u00e9abilit\u00e9<\/strong> et la protection solaire (jusqu\u2019\u00e0 30 % de perte d\u2019efficacit\u00e9 si encrass\u00e9).<\/li><li><strong>Hygi\u00e8ne<\/strong> : \u00c9viter l\u2019accumulation de pollen, fientes d\u2019oiseaux ou d\u00e9bris organiques.<\/li><\/ul><p><strong>Quand<\/strong> nettoyer son store ? Il faut pr\u00e9voir un nettoyage 1 \u00e0 2 fois par an (printemps et automne id\u00e9alement) pour les stores ouverts toute l&rsquo;ann\u00e9e et particuli\u00e8rement les toiles claires qui subissent les affres du quotidien (pollution, arbres et oiseaux).<\/p>\t\t\t\t\t\t\t\t<\/div>\n\t\t\t\t<\/div>\n\t\t\t\t\t<\/div>\n\t\t<\/div>\n\t\t\t\t\t<\/div>\n\t\t<\/section>\n\t\t\t\t<\/div>\n\t\t","protected":false},"excerpt":{"rendered":"<p>Les Plus + Dans le cadre de la d\u00e9marche RSE (Responsabilit\u00e9 Soci\u00e9tale de Entreprises), Stores &amp; Fonction prend un engagement aupr\u00e8s de ses clients: \u00ab\u00a0R\u00e9parer avant de Remplacer\u00a0\u00bb. Cela implique de proposer des services compl\u00e9mentaires: le nettoyage, la r\u00e9paration et le rentoilage. Le rentoilage de store Plut\u00f4t que de remplacer un store complet dont la [&hellip;]<\/p>\n","protected":false},"author":1,"featured_media":2549,"parent":201,"menu_order":6,"comment_status":"closed","ping_status":"closed","template":"","meta":{"_seopress_robots_primary_cat":"","_seopress_titles_title":"R\u00e9paration Rentoilage Nettoyage Store ext\u00e9rieur","_seopress_titles_desc":"Dans le cadre de la d\u00e9marche RSE, Stores & Fonction propose de nettoyer, r\u00e9parer ou rentoiler vos stores ext\u00e9rieurs.","_seopress_robots_index":"","site-sidebar-layout":"no-sidebar","site-content-layout":"page-builder","ast-site-content-layout":"full-width-container","site-content-style":"default","site-sidebar-style":"default","ast-global-header-display":"","ast-banner-title-visibility":"","ast-main-header-display":"","ast-hfb-above-header-display":"","ast-hfb-below-header-display":"","ast-hfb-mobile-header-display":"","site-post-title":"","ast-breadcrumbs-content":"","ast-featured-img":"disabled","footer-sml-layout":"","ast-disable-related-posts":"","theme-transparent-header-meta":"","adv-header-id-meta":"","stick-header-meta":"","header-above-stick-meta":"","header-main-stick-meta":"","header-below-stick-meta":"","astra-migrate-meta-layouts":"set","ast-page-background-enabled":"default","ast-page-background-meta":{"desktop":{"background-color":"","background-image":"","background-repeat":"repeat","background-position":"center center","background-size":"auto","background-attachment":"scroll","background-type":"","background-media":"","overlay-type":"","overlay-color":"","overlay-opacity":"","overlay-gradient":""},"tablet":{"background-color":"","background-image":"","background-repeat":"repeat","background-position":"center center","background-size":"auto","background-attachment":"scroll","background-type":"","background-media":"","overlay-type":"","overlay-color":"","overlay-opacity":"","overlay-gradient":""},"mobile":{"background-color":"","background-image":"","background-repeat":"repeat","background-position":"center center","background-size":"auto","background-attachment":"scroll","background-type":"","background-media":"","overlay-type":"","overlay-color":"","overlay-opacity":"","overlay-gradient":""}},"ast-content-background-meta":{"desktop":{"background-color":"var(--ast-global-color-5)","background-image":"","background-repeat":"repeat","background-position":"center center","background-size":"auto","background-attachment":"scroll","background-type":"","background-media":"","overlay-type":"","overlay-color":"","overlay-opacity":"","overlay-gradient":""},"tablet":{"background-color":"var(--ast-global-color-5)","background-image":"","background-repeat":"repeat","background-position":"center center","background-size":"auto","background-attachment":"scroll","background-type":"","background-media":"","overlay-type":"","overlay-color":"","overlay-opacity":"","overlay-gradient":""},"mobile":{"background-color":"var(--ast-global-color-5)","background-image":"","background-repeat":"repeat","background-position":"center center","background-size":"auto","background-attachment":"scroll","background-type":"","background-media":"","overlay-type":"","overlay-color":"","overlay-opacity":"","overlay-gradient":""}},"footnotes":""},"class_list":["post-2515","page","type-page","status-publish","has-post-thumbnail","hentry"],"_links":{"self":[{"href":"https:\/\/www.stores-fonction.fr\/index.php\/wp-json\/wp\/v2\/pages\/2515","targetHints":{"allow":["GET"]}}],"collection":[{"href":"https:\/\/www.stores-fonction.fr\/index.php\/wp-json\/wp\/v2\/pages"}],"about":[{"href":"https:\/\/www.stores-fonction.fr\/index.php\/wp-json\/wp\/v2\/types\/page"}],"author":[{"embeddable":true,"href":"https:\/\/www.stores-fonction.fr\/index.php\/wp-json\/wp\/v2\/users\/1"}],"replies":[{"embeddable":true,"href":"https:\/\/www.stores-fonction.fr\/index.php\/wp-json\/wp\/v2\/comments?post=2515"}],"version-history":[{"count":78,"href":"https:\/\/www.stores-fonction.fr\/index.php\/wp-json\/wp\/v2\/pages\/2515\/revisions"}],"predecessor-version":[{"id":3584,"href":"https:\/\/www.stores-fonction.fr\/index.php\/wp-json\/wp\/v2\/pages\/2515\/revisions\/3584"}],"up":[{"embeddable":true,"href":"https:\/\/www.stores-fonction.fr\/index.php\/wp-json\/wp\/v2\/pages\/201"}],"wp:featuredmedia":[{"embeddable":true,"href":"https:\/\/www.stores-fonction.fr\/index.php\/wp-json\/wp\/v2\/media\/2549"}],"wp:attachment":[{"href":"https:\/\/www.stores-fonction.fr\/index.php\/wp-json\/wp\/v2\/media?parent=2515"}],"curies":[{"name":"wp","href":"https:\/\/api.w.org\/{rel}","templated":true}]}}