{"id":3157,"date":"2025-08-21T10:11:01","date_gmt":"2025-08-21T08:11:01","guid":{"rendered":"https:\/\/www.stores-fonction.fr\/?page_id=3157"},"modified":"2025-08-29T12:06:48","modified_gmt":"2025-08-29T10:06:48","slug":"rentoilage-reparation","status":"publish","type":"page","link":"https:\/\/www.stores-fonction.fr\/index.php\/stores-interieurs\/rentoilage-reparation\/","title":{"rendered":"Rentoilage &#8211; R\u00e9paration"},"content":{"rendered":"\t\t<div data-elementor-type=\"wp-page\" data-elementor-id=\"3157\" class=\"elementor elementor-3157\">\n\t\t\t\t\t\t<section class=\"elementor-section elementor-top-section elementor-element elementor-element-69177c22 elementor-section-boxed elementor-section-height-default elementor-section-height-default\" data-id=\"69177c22\" data-element_type=\"section\" data-e-type=\"section\">\n\t\t\t\t\t\t<div class=\"elementor-container elementor-column-gap-default\">\n\t\t\t\t\t<div class=\"elementor-column elementor-col-100 elementor-top-column elementor-element elementor-element-73a38f3b\" data-id=\"73a38f3b\" data-element_type=\"column\" data-e-type=\"column\">\n\t\t\t<div class=\"elementor-widget-wrap elementor-element-populated\">\n\t\t\t\t\t\t<div class=\"elementor-element elementor-element-63282dfc elementor-widget elementor-widget-heading\" data-id=\"63282dfc\" data-element_type=\"widget\" data-e-type=\"widget\" data-widget_type=\"heading.default\">\n\t\t\t\t<div class=\"elementor-widget-container\">\n\t\t\t\t\t<h1 class=\"elementor-heading-title elementor-size-default\">Les Plus +<\/h1>\t\t\t\t<\/div>\n\t\t\t\t<\/div>\n\t\t\t\t<div class=\"elementor-element elementor-element-526c6443 elementor-widget elementor-widget-spacer\" data-id=\"526c6443\" data-element_type=\"widget\" data-e-type=\"widget\" data-widget_type=\"spacer.default\">\n\t\t\t\t<div class=\"elementor-widget-container\">\n\t\t\t\t\t\t\t<div class=\"elementor-spacer\">\n\t\t\t<div class=\"elementor-spacer-inner\"><\/div>\n\t\t<\/div>\n\t\t\t\t\t\t<\/div>\n\t\t\t\t<\/div>\n\t\t\t\t<div class=\"elementor-element elementor-element-104e4b4b elementor-widget elementor-widget-text-editor\" data-id=\"104e4b4b\" data-element_type=\"widget\" data-e-type=\"widget\" data-widget_type=\"text-editor.default\">\n\t\t\t\t<div class=\"elementor-widget-container\">\n\t\t\t\t\t\t\t\t\t<p>Dans le cadre de la d\u00e9marche RSE (Responsabilit\u00e9 Soci\u00e9tale de Entreprises), Stores &amp; Fonction prend un engagement aupr\u00e8s de ses clients: \u00ab\u00a0R\u00e9parer avant de Remplacer\u00a0\u00bb. Cela implique de proposer des services compl\u00e9mentaires: le nettoyage, la r\u00e9paration et le rentoilage.<\/p>\t\t\t\t\t\t\t\t<\/div>\n\t\t\t\t<\/div>\n\t\t\t\t\t<\/div>\n\t\t<\/div>\n\t\t\t\t\t<\/div>\n\t\t<\/section>\n\t\t\t\t<section class=\"elementor-section elementor-top-section elementor-element elementor-element-2f47ead1 elementor-section-boxed elementor-section-height-default elementor-section-height-default\" data-id=\"2f47ead1\" data-element_type=\"section\" data-e-type=\"section\" id=\"rentoilage-store-exterieur\">\n\t\t\t\t\t\t<div class=\"elementor-container elementor-column-gap-default\">\n\t\t\t\t\t<div class=\"elementor-column elementor-col-50 elementor-top-column elementor-element elementor-element-100b61b0\" data-id=\"100b61b0\" data-element_type=\"column\" data-e-type=\"column\">\n\t\t\t<div class=\"elementor-widget-wrap elementor-element-populated\">\n\t\t\t\t\t\t<div class=\"elementor-element elementor-element-6c32cd1 elementor-widget elementor-widget-image\" data-id=\"6c32cd1\" data-element_type=\"widget\" data-e-type=\"widget\" data-widget_type=\"image.default\">\n\t\t\t\t<div class=\"elementor-widget-container\">\n\t\t\t\t\t\t\t\t\t\t\t\t\t\t\t<img alt=\"\" fetchpriority=\"high\" decoding=\"async\" width=\"1024\" height=\"768\" src=\"https:\/\/www.stores-fonction.fr\/wp-content\/uploads\/2025\/08\/store-enroulement-banque-paris-professionnel-HS-toile-a-remplacer-1-1024x768.jpeg\" class=\"attachment-large size-large wp-image-3166\" alt=\"\" srcset=\"https:\/\/www.stores-fonction.fr\/wp-content\/uploads\/2025\/08\/store-enroulement-banque-paris-professionnel-HS-toile-a-remplacer-1-1024x768.jpeg 1024w, https:\/\/www.stores-fonction.fr\/wp-content\/uploads\/2025\/08\/store-enroulement-banque-paris-professionnel-HS-toile-a-remplacer-1-300x225.jpeg 300w, https:\/\/www.stores-fonction.fr\/wp-content\/uploads\/2025\/08\/store-enroulement-banque-paris-professionnel-HS-toile-a-remplacer-1-768x576.jpeg 768w, https:\/\/www.stores-fonction.fr\/wp-content\/uploads\/2025\/08\/store-enroulement-banque-paris-professionnel-HS-toile-a-remplacer-1-1536x1152.jpeg 1536w, https:\/\/www.stores-fonction.fr\/wp-content\/uploads\/2025\/08\/store-enroulement-banque-paris-professionnel-HS-toile-a-remplacer-1.jpeg 2048w\" sizes=\"(max-width: 1024px) 100vw, 1024px\" \/>\t\t\t\t\t\t\t\t\t\t\t\t\t\t\t<\/div>\n\t\t\t\t<\/div>\n\t\t\t\t\t<\/div>\n\t\t<\/div>\n\t\t\t\t<div class=\"elementor-column elementor-col-50 elementor-top-column elementor-element elementor-element-47f67950\" data-id=\"47f67950\" data-element_type=\"column\" data-e-type=\"column\">\n\t\t\t<div class=\"elementor-widget-wrap elementor-element-populated\">\n\t\t\t\t\t\t<div class=\"elementor-element elementor-element-4582201a elementor-widget elementor-widget-menu-anchor\" data-id=\"4582201a\" data-element_type=\"widget\" data-e-type=\"widget\" data-widget_type=\"menu-anchor.default\">\n\t\t\t\t<div class=\"elementor-widget-container\">\n\t\t\t\t\t\t\t<div class=\"elementor-menu-anchor\" id=\"Rentoilage-store-exterieur\"><\/div>\n\t\t\t\t\t\t<\/div>\n\t\t\t\t<\/div>\n\t\t\t\t<div class=\"elementor-element elementor-element-32f60549 elementor-widget elementor-widget-heading\" data-id=\"32f60549\" data-element_type=\"widget\" data-e-type=\"widget\" data-widget_type=\"heading.default\">\n\t\t\t\t<div class=\"elementor-widget-container\">\n\t\t\t\t\t<h2 class=\"elementor-heading-title elementor-size-default\">Le rentoilage de store<\/h2>\t\t\t\t<\/div>\n\t\t\t\t<\/div>\n\t\t\t\t<div class=\"elementor-element elementor-element-71972d9c elementor-widget elementor-widget-text-editor\" data-id=\"71972d9c\" data-element_type=\"widget\" data-e-type=\"widget\" data-widget_type=\"text-editor.default\">\n\t\t\t\t<div class=\"elementor-widget-container\">\n\t\t\t\t\t\t\t\t\t<p>Plut\u00f4t que de remplacer un store complet dont la structure est en bon \u00e9tat, nous allons privil\u00e9gier le <strong>remplacement de la toile int\u00e9rieur<\/strong>. Un petit d\u00e9tail qui peut faire toute la diff\u00e9rence.\u00a0<\/p><p>Nos techniciens viennent contr\u00f4ler les m\u00e9canismes de votre store et prendre les mesures compl\u00e8tes pour le remplacement de la toile r\u00e9alis\u00e9e sur mesure chez un de nos confectionneurs implant\u00e9s en France.<\/p><p>Le <strong>rentoilage d\u2019un store int\u00e9rieur<\/strong> consiste \u00e0 remplacer la toile us\u00e9e ou d\u00e9mod\u00e9e d\u2019un store tout en conservant son armature et son m\u00e9canisme. C\u2019est une <strong>solution \u00e9conomique, \u00e9cologique et esth\u00e9tique<\/strong> pour redonner vie \u00e0 votre espace ext\u00e9rieur.\u00a0<\/p><p>Cette technique permet de :<\/p><ul><li>Restaurer l\u2019<strong>esth\u00e9tique<\/strong> : Moderniser votre fen\u00eatre avec une nouvelle couleur ou un motif tendance.<\/li><li><strong>Pr\u00e9server<\/strong> la fonctionnalit\u00e9 : Maintenir une protection efficace contre le soleil et les UV.<\/li><li><strong>Prolonger la dur\u00e9e de vie<\/strong> : \u00c9viter le remplacement complet du store, souvent plus co\u00fbteux.<\/li><li><strong>\u00c9conomie<\/strong> : Le co\u00fbt du rentoilage est inf\u00e9rieur \u00e0 l\u2019achat d\u2019un nouveau store.<\/li><li><strong>Rapidit\u00e9<\/strong> : L\u2019op\u00e9ration est simple et rapide, souvent r\u00e9alis\u00e9e en quelques heures, sans longs d\u00e9lais d\u2019approvisionnement.<\/li><li><strong>\u00c9cologie<\/strong> : R\u00e9utiliser l\u2019armature r\u00e9duit les d\u00e9chets et limite l\u2019impact environnemental.<\/li><li><strong>Am\u00e9lioration des performances<\/strong> : Possibilit\u00e9 de choisir une toile plus r\u00e9sistante ou avec des propri\u00e9t\u00e9s avanc\u00e9es (imperm\u00e9able, antisalissures).<\/li><\/ul>\t\t\t\t\t\t\t\t<\/div>\n\t\t\t\t<\/div>\n\t\t\t\t\t<\/div>\n\t\t<\/div>\n\t\t\t\t\t<\/div>\n\t\t<\/section>\n\t\t\t\t<section class=\"elementor-section elementor-top-section elementor-element elementor-element-1cab58ae elementor-section-boxed elementor-section-height-default elementor-section-height-default\" data-id=\"1cab58ae\" data-element_type=\"section\" data-e-type=\"section\" id=\"reparation-store-exterieur\">\n\t\t\t\t\t\t<div class=\"elementor-container elementor-column-gap-default\">\n\t\t\t\t\t<div class=\"elementor-column elementor-col-50 elementor-top-column elementor-element elementor-element-5862bf85\" data-id=\"5862bf85\" data-element_type=\"column\" data-e-type=\"column\">\n\t\t\t<div class=\"elementor-widget-wrap elementor-element-populated\">\n\t\t\t\t\t\t<div class=\"elementor-element elementor-element-695aee09 elementor-widget elementor-widget-menu-anchor\" data-id=\"695aee09\" data-element_type=\"widget\" data-e-type=\"widget\" data-widget_type=\"menu-anchor.default\">\n\t\t\t\t<div class=\"elementor-widget-container\">\n\t\t\t\t\t\t\t<div class=\"elementor-menu-anchor\" id=\"Reparation-store-interieur\"><\/div>\n\t\t\t\t\t\t<\/div>\n\t\t\t\t<\/div>\n\t\t\t\t<div class=\"elementor-element elementor-element-2f0e3d5a elementor-widget elementor-widget-heading\" data-id=\"2f0e3d5a\" data-element_type=\"widget\" data-e-type=\"widget\" data-widget_type=\"heading.default\">\n\t\t\t\t<div class=\"elementor-widget-container\">\n\t\t\t\t\t<h2 class=\"elementor-heading-title elementor-size-default\">La r\u00e9paration <\/h2>\t\t\t\t<\/div>\n\t\t\t\t<\/div>\n\t\t\t\t<div class=\"elementor-element elementor-element-38c8039e elementor-widget elementor-widget-text-editor\" data-id=\"38c8039e\" data-element_type=\"widget\" data-e-type=\"widget\" data-widget_type=\"text-editor.default\">\n\t\t\t\t<div class=\"elementor-widget-container\">\n\t\t\t\t\t\t\t\t\t<p>Votre volet s&rsquo;est d\u00e9croch\u00e9 ? Le moteur de votre store ne fonctionne plus ? La manivelle s&rsquo;est cass\u00e9e ? Et si on r\u00e9parait ?<\/p><p>Toujours dans une volont\u00e9 de ne <strong>remplacer que ce qui est n\u00e9cessaire<\/strong>, nos techniciens r\u00e9aliser un diagnostic de la panne. Notre service administratif vous r\u00e9alise ensuite un devis complet. Si nos techniciens peuvent proc\u00e9der \u00e0 la <strong>r\u00e9paration<\/strong> le jour m\u00eame, nous vous en informons et vous indiquons le montant \u00e0 r\u00e9gler.<\/p><p>Pour les <a href=\"https:\/\/www.stores-fonction.fr\/index.php\/stores-exterieurs\/\"><strong>stores ext\u00e9rieurs<\/strong><\/a>, cela peut concerner les bras, le moteur, l&rsquo;axe, la lyre, l&rsquo;auvent, la barre de charge,&#8230;<\/p><p>Pour les <a href=\"https:\/\/www.stores-fonction.fr\/index.php\/volets-roulants\/\"><strong>volets roulants<\/strong><\/a>, nous pouvons remplacer le tablier, les attaches de fixation, le moteur, l&rsquo;axe, le ressort de compensation, la manivelle, etc<\/p><p>Pour les <a href=\"https:\/\/www.stores-fonction.fr\/index.php\/stores-interieurs\/\"><strong>stores int\u00e9rieurs<\/strong><\/a>, nous travaillons sur chainettes, manivelles et moteur, remplacement de barre de charge et d&rsquo;axe, remplacement de guidage,&#8230;<\/p><p>Bon \u00e0 savoir: les <a href=\"https:\/\/www.stores-fonction.fr\/index.php\/stores-interieurs\/stores-venitiens\/\">stores v\u00e9nitiens<\/a> sont complexes \u00e0 r\u00e9parer. Le co\u00fbt de r\u00e9paration a tendance \u00e0 d\u00e9passer le co\u00fbt du produit lui m\u00eame car celui-ci doit \u00eatre d\u00e9pos\u00e9 et retourn\u00e9 en usine pour reprise. A voir ce qui penche dans la balance: \u00e9conomie ou \u00e9cologie.<\/p>\t\t\t\t\t\t\t\t<\/div>\n\t\t\t\t<\/div>\n\t\t\t\t\t<\/div>\n\t\t<\/div>\n\t\t\t\t<div class=\"elementor-column elementor-col-50 elementor-top-column elementor-element elementor-element-5e25a43e\" data-id=\"5e25a43e\" data-element_type=\"column\" data-e-type=\"column\">\n\t\t\t<div class=\"elementor-widget-wrap\">\n\t\t\t\t\t\t\t<\/div>\n\t\t<\/div>\n\t\t\t\t\t<\/div>\n\t\t<\/section>\n\t\t\t\t<\/div>\n\t\t","protected":false},"excerpt":{"rendered":"<p>Les Plus + Dans le cadre de la d\u00e9marche RSE (Responsabilit\u00e9 Soci\u00e9tale de Entreprises), Stores &amp; Fonction prend un engagement aupr\u00e8s de ses clients: \u00ab\u00a0R\u00e9parer avant de Remplacer\u00a0\u00bb. Cela implique de proposer des services compl\u00e9mentaires: le nettoyage, la r\u00e9paration et le rentoilage. Le rentoilage de store Plut\u00f4t que de remplacer un store complet dont la [&hellip;]<\/p>\n","protected":false},"author":1,"featured_media":0,"parent":187,"menu_order":6,"comment_status":"closed","ping_status":"closed","template":"","meta":{"_seopress_robots_primary_cat":"","_seopress_titles_title":"R\u00e9paration Rentoilage de store int\u00e9rieur","_seopress_titles_desc":"Dans le cadre de la d\u00e9marche RSE, Stores & Fonction prend un engagement: \"R\u00e9parer avant de Remplacer\": la r\u00e9paration et le rentoilage.","_seopress_robots_index":"","site-sidebar-layout":"no-sidebar","site-content-layout":"page-builder","ast-site-content-layout":"full-width-container","site-content-style":"default","site-sidebar-style":"default","ast-global-header-display":"","ast-banner-title-visibility":"","ast-main-header-display":"","ast-hfb-above-header-display":"","ast-hfb-below-header-display":"","ast-hfb-mobile-header-display":"","site-post-title":"","ast-breadcrumbs-content":"","ast-featured-img":"disabled","footer-sml-layout":"","ast-disable-related-posts":"","theme-transparent-header-meta":"","adv-header-id-meta":"","stick-header-meta":"","header-above-stick-meta":"","header-main-stick-meta":"","header-below-stick-meta":"","astra-migrate-meta-layouts":"set","ast-page-background-enabled":"default","ast-page-background-meta":{"desktop":{"background-color":"","background-image":"","background-repeat":"repeat","background-position":"center center","background-size":"auto","background-attachment":"scroll","background-type":"","background-media":"","overlay-type":"","overlay-color":"","overlay-opacity":"","overlay-gradient":""},"tablet":{"background-color":"","background-image":"","background-repeat":"repeat","background-position":"center center","background-size":"auto","background-attachment":"scroll","background-type":"","background-media":"","overlay-type":"","overlay-color":"","overlay-opacity":"","overlay-gradient":""},"mobile":{"background-color":"","background-image":"","background-repeat":"repeat","background-position":"center center","background-size":"auto","background-attachment":"scroll","background-type":"","background-media":"","overlay-type":"","overlay-color":"","overlay-opacity":"","overlay-gradient":""}},"ast-content-background-meta":{"desktop":{"background-color":"var(--ast-global-color-5)","background-image":"","background-repeat":"repeat","background-position":"center center","background-size":"auto","background-attachment":"scroll","background-type":"","background-media":"","overlay-type":"","overlay-color":"","overlay-opacity":"","overlay-gradient":""},"tablet":{"background-color":"var(--ast-global-color-5)","background-image":"","background-repeat":"repeat","background-position":"center center","background-size":"auto","background-attachment":"scroll","background-type":"","background-media":"","overlay-type":"","overlay-color":"","overlay-opacity":"","overlay-gradient":""},"mobile":{"background-color":"var(--ast-global-color-5)","background-image":"","background-repeat":"repeat","background-position":"center center","background-size":"auto","background-attachment":"scroll","background-type":"","background-media":"","overlay-type":"","overlay-color":"","overlay-opacity":"","overlay-gradient":""}},"footnotes":""},"class_list":["post-3157","page","type-page","status-publish","hentry"],"_links":{"self":[{"href":"https:\/\/www.stores-fonction.fr\/index.php\/wp-json\/wp\/v2\/pages\/3157","targetHints":{"allow":["GET"]}}],"collection":[{"href":"https:\/\/www.stores-fonction.fr\/index.php\/wp-json\/wp\/v2\/pages"}],"about":[{"href":"https:\/\/www.stores-fonction.fr\/index.php\/wp-json\/wp\/v2\/types\/page"}],"author":[{"embeddable":true,"href":"https:\/\/www.stores-fonction.fr\/index.php\/wp-json\/wp\/v2\/users\/1"}],"replies":[{"embeddable":true,"href":"https:\/\/www.stores-fonction.fr\/index.php\/wp-json\/wp\/v2\/comments?post=3157"}],"version-history":[{"count":20,"href":"https:\/\/www.stores-fonction.fr\/index.php\/wp-json\/wp\/v2\/pages\/3157\/revisions"}],"predecessor-version":[{"id":3774,"href":"https:\/\/www.stores-fonction.fr\/index.php\/wp-json\/wp\/v2\/pages\/3157\/revisions\/3774"}],"up":[{"embeddable":true,"href":"https:\/\/www.stores-fonction.fr\/index.php\/wp-json\/wp\/v2\/pages\/187"}],"wp:attachment":[{"href":"https:\/\/www.stores-fonction.fr\/index.php\/wp-json\/wp\/v2\/media?parent=3157"}],"curies":[{"name":"wp","href":"https:\/\/api.w.org\/{rel}","templated":true}]}}